{"id":171,"date":"2024-10-25T11:14:50","date_gmt":"2024-10-25T11:14:50","guid":{"rendered":"https:\/\/dummy.xtemos.com\/woodmart2\/makeup-elementor\/?page_id=171"},"modified":"2026-05-08T15:38:23","modified_gmt":"2026-05-08T15:38:23","slug":"about-us","status":"publish","type":"page","link":"https:\/\/amyjaneofficial.com\/vi\/about-us\/","title":{"rendered":"V\u1ec1 ch\u00fang t\u00f4i"},"content":{"rendered":"<div data-elementor-type=\"wp-page\" data-elementor-id=\"171\" class=\"elementor elementor-171\">\n\t\t\t\t<div class=\"wd-negative-gap elementor-element elementor-element-e0982c1 wd-section-stretch color-scheme-light e-flex e-con-boxed e-con e-parent\" data-id=\"e0982c1\" data-element_type=\"container\" data-e-type=\"container\" data-settings=\"{&quot;background_background&quot;:&quot;classic&quot;}\">\n\t\t\t\t\t<div class=\"e-con-inner\">\n\t\t\t\t<div class=\"elementor-element elementor-element-ddf64ce wd-width-100 elementor-widget elementor-widget-wd_title\" data-id=\"ddf64ce\" data-element_type=\"widget\" data-e-type=\"widget\" data-widget_type=\"wd_title.default\">\n\t\t\t\t<div class=\"elementor-widget-container\">\n\t\t\t\t\t\t\t<div class=\"title-wrapper wd-set-mb reset-last-child wd-title-color-default wd-title-style-default wd-title-size-default text-left\">\n\n\t\t\t\n\t\t\t<div class=\"liner-continer\">\n\t\t\t\t<h2 class=\"woodmart-title-container title wd-fontsize-l\">Amy Jane Company Limited<\/h2> \n\t\t\t\t\t\t\t<\/div>\n\n\t\t\t\t\t<\/div>\n\t\t\t\t\t\t<\/div>\n\t\t\t\t<\/div>\n\t\t\t\t<div class=\"elementor-element elementor-element-31f1d95 elementor-widget elementor-widget-wd_text_block\" data-id=\"31f1d95\" data-element_type=\"widget\" data-e-type=\"widget\" data-widget_type=\"wd_text_block.default\">\n\t\t\t\t<div class=\"elementor-widget-container\">\n\t\t\t\t\t\t\t<div class=\"wd-text-block reset-last-child text-left\">\n\t\t\t\n\t\t\t<p>AMYJANE kh\u00f4ng ch\u1ec9 l\u00e0 m\u1ed9t th\u01b0\u01a1ng hi\u1ec7u; \u0111\u00f3 l\u00e0 l\u1eddi h\u1ee9a xuy\u00ean bi\u00ean gi\u1edbi v\u1ec1 t\u00ecnh y\u00eau v\u00e0 s\u1ef1 ch\u00e2n th\u00e0nh.<\/p><p>C\u00f3 ngu\u1ed3n g\u1ed1c t\u1eeb ti\u1ebfng Latin <em>Amatus<\/em> Mang \u00fd ngh\u0129a &quot;\u0111\u01b0\u1ee3c y\u00eau qu\u00fd&quot;, AMY \u0111\u1ea1i di\u1ec7n cho 20 n\u0103m c\u1ed1ng hi\u1ebfn c\u1ee7a ng\u01b0\u1eddi s\u00e1ng l\u1eadp trong ng\u00e0nh c\u00f4ng nghi\u1ec7p l\u00e0m \u0111\u1eb9p H\u00e0n Qu\u1ed1c, mang \u0111\u1ebfn nghi\u00ean c\u1ee9u v\u00e0 ph\u00e1t tri\u1ec3n h\u00e0ng \u0111\u1ea7u c\u00f9ng chu\u1ed7i cung \u1ee9ng \u0111\u1ea1t ti\u00eau chu\u1ea9n qu\u1ed1c t\u1ebf v\u1edbi ni\u1ec1m \u0111am m\u00ea v\u00e0 s\u1ef1 t\u1eadn t\u00e2m.<\/p><p>JANE, meaning sincerity and gift, reflects the CEO\u2019s four years of study in Korea. Understanding the climate and skin needs of Thailand, she eliminates heavy, unsuitable formulas.<\/p><p>Combining Korean expertise and local insights, AMYJANE strips out redundancy and focuses on powerful core technologies for hydration, lifting, anti-aging and glass skin. We bring professional, clinic-level results conveniently and affordably at home.<\/p>\n\t\t\t\t\t<\/div>\n\t\t\t\t\t\t<\/div>\n\t\t\t\t<\/div>\n\t\t\t\t<div class=\"elementor-element elementor-element-ba24215 wd-width-100 elementor-widget elementor-widget-wd_images_gallery\" data-id=\"ba24215\" data-element_type=\"widget\" data-e-type=\"widget\" data-widget_type=\"wd_images_gallery.default\">\n\t\t\t\t<div class=\"elementor-widget-container\">\n\t\t\t\t\t\t\t<div class=\"wd-images-gallery wd-carousel-container\" style=\"--wd-align-items:center; --wd-justify-content:center;\">\n\t\t\t\t\t\t\t<div class=\"wd-carousel-inner\">\n\t\t\t\t\t\t<div class=\"wd-carousel wd-grid\" data-scroll_per_page=\"yes\" style=\"--wd-col-lg:3.5;--wd-col-md:3;--wd-col-sm:1;--wd-gap-lg:20px;--wd-gap-sm:10px;--wd-carousel-overflow: visible\">\n\t\t\t\t\t\t\t\t\t<div class=\"wd-carousel-wrap\">\n\t\t\t\t\t\t\t\t\t\t\t\t\t\t\t\t\t\t<div class=\"wd-gallery-item wd-carousel-item\">\n\t\t\t\t\t\t\n\t\t\t\t\t\t<img loading=\"lazy\" decoding=\"async\" width=\"540\" height=\"280\" src=\"https:\/\/amyjaneofficial.com\/wp-content\/uploads\/2024\/10\/c2-glry-3-opt.jpg\" class=\"attachment-full size-full\" alt=\"c2-glry-3-opt\" \/>\n\t\t\t\t\t\t\t\t\t\t\t<\/div>\n\t\t\t\t\t\t\t\t\t\t\t\t\t\t\t<div class=\"wd-gallery-item wd-carousel-item\">\n\t\t\t\t\t\t\n\t\t\t\t\t\t<img loading=\"lazy\" decoding=\"async\" width=\"540\" height=\"280\" src=\"https:\/\/amyjaneofficial.com\/wp-content\/uploads\/2024\/10\/c2-glry-4-opt.jpg\" class=\"attachment-full size-full\" alt=\"c2-glry-4-opt\" \/>\n\t\t\t\t\t\t\t\t\t\t\t<\/div>\n\t\t\t\t\t\t\t\t\t\t\t\t\t\t\t<div class=\"wd-gallery-item wd-carousel-item\">\n\t\t\t\t\t\t\n\t\t\t\t\t\t<img loading=\"lazy\" decoding=\"async\" width=\"540\" height=\"280\" src=\"https:\/\/amyjaneofficial.com\/wp-content\/uploads\/2024\/10\/c2-glry-5-opt.jpg\" class=\"attachment-full size-full\" alt=\"c2-glry-5-opt\" \/>\n\t\t\t\t\t\t\t\t\t\t\t<\/div>\n\t\t\t\t\t\t\t\t\t\t\t\t\t\t\t<div class=\"wd-gallery-item wd-carousel-item\">\n\t\t\t\t\t\t\n\t\t\t\t\t\t<img loading=\"lazy\" decoding=\"async\" width=\"540\" height=\"280\" src=\"https:\/\/amyjaneofficial.com\/wp-content\/uploads\/2024\/10\/c2-glry-1-opt.jpg\" class=\"attachment-full size-full\" alt=\"c2-glry-1-opt\" \/>\n\t\t\t\t\t\t\t\t\t\t\t<\/div>\n\t\t\t\t\t\t\t\t\t\t\t\t\t\t\t<div class=\"wd-gallery-item wd-carousel-item\">\n\t\t\t\t\t\t\n\t\t\t\t\t\t<img loading=\"lazy\" decoding=\"async\" width=\"540\" height=\"280\" src=\"https:\/\/amyjaneofficial.com\/wp-content\/uploads\/2024\/10\/c2-glry-2-opt.jpg\" class=\"attachment-full size-full\" alt=\"c2-glry-2-opt\" \/>\n\t\t\t\t\t\t\t\t\t\t\t<\/div>\n\t\t\t\t\t\t\t\t\t\t\t\t\t\t\t\t<\/div>\n\t\t\t\t\t\t\t\t<\/div>\n\t\t\t\t\t\t\t\t\t\t\t\t\t\t<div class=\"wd-nav-arrows wd-pos-sep wd-hover-1 wd-icon-1\">\n\t\t\t<div class=\"wd-btn-arrow wd-prev wd-disabled\">\n\t\t\t\t<div class=\"wd-arrow-inner\"><\/div>\n\t\t\t<\/div>\n\t\t\t<div class=\"wd-btn-arrow wd-next\">\n\t\t\t\t<div class=\"wd-arrow-inner\"><\/div>\n\t\t\t<\/div>\n\t\t<\/div>\n\t\t\t\t\t\t\n\t\t\t\t<\/div>\n\n\t\t\t\t\t\t\t\t\t\t\t\t\t<\/div>\n\t\t\t\t\t\t<\/div>\n\t\t\t\t<\/div>\n\t\t\t\t\t<\/div>\n\t\t\t\t<\/div>\n\t\t<div class=\"wd-negative-gap elementor-element elementor-element-05cb854 e-flex e-con-boxed e-con e-parent\" data-id=\"05cb854\" data-element_type=\"container\" data-e-type=\"container\">\n\t\t\t\t\t<div class=\"e-con-inner\">\n\t\t\t\t<div class=\"elementor-element elementor-element-7445fb9 elementor-widget__width-auto wd-width-100 elementor-widget elementor-widget-wd_title\" data-id=\"7445fb9\" data-element_type=\"widget\" data-e-type=\"widget\" data-widget_type=\"wd_title.default\">\n\t\t\t\t<div class=\"elementor-widget-container\">\n\t\t\t\t\t\t\t<div class=\"title-wrapper wd-set-mb reset-last-child wd-title-color-default wd-title-style-default wd-title-size-default text-left\">\n\n\t\t\t\n\t\t\t<div class=\"liner-continer\">\n\t\t\t\t<h4 class=\"woodmart-title-container title wd-fontsize-l\">GI\u1edaI THI\u1ec6U C\u00d4NG TY<\/h4> \n\t\t\t\t\t\t\t<\/div>\n\n\t\t\t\t\t<\/div>\n\t\t\t\t\t\t<\/div>\n\t\t\t\t<\/div>\n\t\t\t\t<div class=\"elementor-element elementor-element-7fc6ca1 elementor-widget elementor-widget-image\" data-id=\"7fc6ca1\" data-element_type=\"widget\" data-e-type=\"widget\" data-widget_type=\"image.default\">\n\t\t\t\t\t\t\t\t\t\t\t\t\t\t\t<img loading=\"lazy\" decoding=\"async\" width=\"1800\" height=\"772\" src=\"https:\/\/amyjaneofficial.com\/wp-content\/uploads\/2026\/05\/home03.webp\" class=\"attachment-full size-full wp-image-16164\" alt=\"\" srcset=\"https:\/\/amyjaneofficial.com\/wp-content\/uploads\/2026\/05\/home03.webp 1800w, https:\/\/amyjaneofficial.com\/wp-content\/uploads\/2026\/05\/home03-300x129.webp 300w, https:\/\/amyjaneofficial.com\/wp-content\/uploads\/2026\/05\/home03-1024x439.webp 1024w, https:\/\/amyjaneofficial.com\/wp-content\/uploads\/2026\/05\/home03-768x329.webp 768w, https:\/\/amyjaneofficial.com\/wp-content\/uploads\/2026\/05\/home03-1536x659.webp 1536w, https:\/\/amyjaneofficial.com\/wp-content\/uploads\/2026\/05\/home03-18x8.webp 18w, https:\/\/amyjaneofficial.com\/wp-content\/uploads\/2026\/05\/home03-1200x515.webp 1200w, https:\/\/amyjaneofficial.com\/wp-content\/uploads\/2026\/05\/home03-150x64.webp 150w\" sizes=\"auto, (max-width: 1800px) 100vw, 1800px\" \/>\t\t\t\t\t\t\t\t\t\t\t\t\t\t\t<\/div>\n\t\t\t\t<div class=\"elementor-element elementor-element-0c0fa7f wd-width-100 elementor-widget elementor-widget-wd_images_gallery\" data-id=\"0c0fa7f\" data-element_type=\"widget\" data-e-type=\"widget\" data-widget_type=\"wd_images_gallery.default\">\n\t\t\t\t<div class=\"elementor-widget-container\">\n\t\t\t\t\t\t\t<div class=\"wd-images-gallery photoswipe-images\" style=\"--wd-align-items:center; --wd-justify-content:center;\">\n\t\t\t\t\t\t<div class=\"wd-grid-g\" style=\"--wd-col-lg:4;--wd-col-md:4;--wd-col-sm:1;--wd-gap-lg:20px;--wd-gap-sm:10px;\" >\n\t\t\t\t\t\t\t\t\t\t\t\t\t\t\t\t\t\t<div class=\"wd-gallery-item wd-col\">\n\t\t\t\t\t\t\t\t\t\t\t\t\t<a  href=\"https:\/\/amyjaneofficial.com\/wp-content\/uploads\/2026\/05\/AMYJANE-52.webp\" data-width=\"600\" data-height=\"528\" data-index=\"1\" data-elementor-open-lightbox=\"no\">\n\t\t\t\t\t\t\n\t\t\t\t\t\t<img loading=\"lazy\" decoding=\"async\" width=\"600\" height=\"528\" src=\"https:\/\/amyjaneofficial.com\/wp-content\/uploads\/2026\/05\/AMYJANE-52.webp\" class=\"attachment-large size-large\" alt=\"AMYJANE--52\" srcset=\"https:\/\/amyjaneofficial.com\/wp-content\/uploads\/2026\/05\/AMYJANE-52.webp 600w, https:\/\/amyjaneofficial.com\/wp-content\/uploads\/2026\/05\/AMYJANE-52-300x264.webp 300w, https:\/\/amyjaneofficial.com\/wp-content\/uploads\/2026\/05\/AMYJANE-52-14x12.webp 14w, https:\/\/amyjaneofficial.com\/wp-content\/uploads\/2026\/05\/AMYJANE-52-150x132.webp 150w\" sizes=\"auto, (max-width: 600px) 100vw, 600px\" \/>\n\t\t\t\t\t\t\t\t\t\t\t\t\t<\/a>\n\t\t\t\t\t\t\t\t\t\t\t<\/div>\n\t\t\t\t\t\t\t\t\t\t\t\t\t\t\t<div class=\"wd-gallery-item wd-col\">\n\t\t\t\t\t\t\t\t\t\t\t\t\t<a  href=\"https:\/\/amyjaneofficial.com\/wp-content\/uploads\/2026\/05\/AMYJANE-53.webp\" data-width=\"600\" data-height=\"528\" data-index=\"2\" data-elementor-open-lightbox=\"no\">\n\t\t\t\t\t\t\n\t\t\t\t\t\t<img loading=\"lazy\" decoding=\"async\" width=\"600\" height=\"528\" src=\"https:\/\/amyjaneofficial.com\/wp-content\/uploads\/2026\/05\/AMYJANE-53.webp\" class=\"attachment-large size-large\" alt=\"AMYJANE--53\" srcset=\"https:\/\/amyjaneofficial.com\/wp-content\/uploads\/2026\/05\/AMYJANE-53.webp 600w, https:\/\/amyjaneofficial.com\/wp-content\/uploads\/2026\/05\/AMYJANE-53-300x264.webp 300w, https:\/\/amyjaneofficial.com\/wp-content\/uploads\/2026\/05\/AMYJANE-53-14x12.webp 14w, https:\/\/amyjaneofficial.com\/wp-content\/uploads\/2026\/05\/AMYJANE-53-150x132.webp 150w\" sizes=\"auto, (max-width: 600px) 100vw, 600px\" \/>\n\t\t\t\t\t\t\t\t\t\t\t\t\t<\/a>\n\t\t\t\t\t\t\t\t\t\t\t<\/div>\n\t\t\t\t\t\t\t\t\t\t\t\t\t\t\t<div class=\"wd-gallery-item wd-col\">\n\t\t\t\t\t\t\t\t\t\t\t\t\t<a  href=\"https:\/\/amyjaneofficial.com\/wp-content\/uploads\/2026\/05\/AMYJANE-54.webp\" data-width=\"600\" data-height=\"528\" data-index=\"3\" data-elementor-open-lightbox=\"no\">\n\t\t\t\t\t\t\n\t\t\t\t\t\t<img loading=\"lazy\" decoding=\"async\" width=\"600\" height=\"528\" src=\"https:\/\/amyjaneofficial.com\/wp-content\/uploads\/2026\/05\/AMYJANE-54.webp\" class=\"attachment-large size-large\" alt=\"AMYJANE--54\" srcset=\"https:\/\/amyjaneofficial.com\/wp-content\/uploads\/2026\/05\/AMYJANE-54.webp 600w, https:\/\/amyjaneofficial.com\/wp-content\/uploads\/2026\/05\/AMYJANE-54-300x264.webp 300w, https:\/\/amyjaneofficial.com\/wp-content\/uploads\/2026\/05\/AMYJANE-54-14x12.webp 14w, https:\/\/amyjaneofficial.com\/wp-content\/uploads\/2026\/05\/AMYJANE-54-150x132.webp 150w\" sizes=\"auto, (max-width: 600px) 100vw, 600px\" \/>\n\t\t\t\t\t\t\t\t\t\t\t\t\t<\/a>\n\t\t\t\t\t\t\t\t\t\t\t<\/div>\n\t\t\t\t\t\t\t\t\t\t\t\t\t\t\t<div class=\"wd-gallery-item wd-col\">\n\t\t\t\t\t\t\t\t\t\t\t\t\t<a  href=\"https:\/\/amyjaneofficial.com\/wp-content\/uploads\/2026\/05\/AMYJANE-55.webp\" data-width=\"600\" data-height=\"528\" data-index=\"4\" data-elementor-open-lightbox=\"no\">\n\t\t\t\t\t\t\n\t\t\t\t\t\t<img loading=\"lazy\" decoding=\"async\" width=\"600\" height=\"528\" src=\"https:\/\/amyjaneofficial.com\/wp-content\/uploads\/2026\/05\/AMYJANE-55.webp\" class=\"attachment-large size-large\" alt=\"AMYJANE--55\" srcset=\"https:\/\/amyjaneofficial.com\/wp-content\/uploads\/2026\/05\/AMYJANE-55.webp 600w, https:\/\/amyjaneofficial.com\/wp-content\/uploads\/2026\/05\/AMYJANE-55-300x264.webp 300w, https:\/\/amyjaneofficial.com\/wp-content\/uploads\/2026\/05\/AMYJANE-55-14x12.webp 14w, https:\/\/amyjaneofficial.com\/wp-content\/uploads\/2026\/05\/AMYJANE-55-150x132.webp 150w\" sizes=\"auto, (max-width: 600px) 100vw, 600px\" \/>\n\t\t\t\t\t\t\t\t\t\t\t\t\t<\/a>\n\t\t\t\t\t\t\t\t\t\t\t<\/div>\n\t\t\t\t\t\t\t\t\t\t\t\t\t<\/div>\n\t\t\t\t\t<\/div>\n\t\t\t\t\t\t<\/div>\n\t\t\t\t<\/div>\n\t\t\t\t\t<\/div>\n\t\t\t\t<\/div>\n\t\t\t\t<\/div>","protected":false},"excerpt":{"rendered":"<p>Amy Jane Company Limited AMYJANE is more than a brand; it is a cross-border promise of love and sincerity. Derived<\/p>","protected":false},"author":1,"featured_media":0,"parent":0,"menu_order":0,"comment_status":"closed","ping_status":"closed","template":"","meta":{"footnotes":""},"class_list":["post-171","page","type-page","status-publish","hentry"],"yoast_head":"<!-- This site is optimized with the Yoast SEO Premium plugin v25.8 (Yoast SEO v27.5) - https:\/\/yoast.com\/product\/yoast-seo-premium-wordpress\/ -->\n<title>About us - AMYJANE<\/title>\n<meta name=\"robots\" content=\"index, follow, max-snippet:-1, max-image-preview:large, max-video-preview:-1\" \/>\n<link rel=\"canonical\" href=\"https:\/\/amyjaneofficial.com\/vi\/about-us\/\" \/>\n<meta property=\"og:locale\" content=\"vi_VN\" \/>\n<meta property=\"og:type\" content=\"article\" \/>\n<meta property=\"og:title\" content=\"About us\" \/>\n<meta property=\"og:description\" content=\"Amy Jane Company Limited AMYJANE is more than a brand; it is a cross-border promise of love and sincerity. Derived\" \/>\n<meta property=\"og:url\" content=\"https:\/\/amyjaneofficial.com\/vi\/about-us\/\" \/>\n<meta property=\"og:site_name\" content=\"AMYJANE\" \/>\n<meta property=\"article:modified_time\" content=\"2026-05-08T15:38:23+00:00\" \/>\n<meta property=\"og:image\" content=\"http:\/\/amyjaneofficial.com\/wp-content\/uploads\/2024\/10\/c2-glry-3-opt.jpg\" \/>\n<meta name=\"twitter:card\" content=\"summary_large_image\" \/>\n<meta name=\"twitter:label1\" content=\"\u01af\u1edbc t\u00ednh th\u1eddi gian \u0111\u1ecdc\" \/>\n\t<meta name=\"twitter:data1\" content=\"3 ph\u00fat\" \/>\n<script type=\"application\/ld+json\" class=\"yoast-schema-graph\">{\"@context\":\"https:\\\/\\\/schema.org\",\"@graph\":[{\"@type\":\"WebPage\",\"@id\":\"https:\\\/\\\/amyjaneofficial.com\\\/about-us\\\/\",\"url\":\"https:\\\/\\\/amyjaneofficial.com\\\/about-us\\\/\",\"name\":\"About us - AMYJANE\",\"isPartOf\":{\"@id\":\"https:\\\/\\\/amyjaneofficial.com\\\/#website\"},\"primaryImageOfPage\":{\"@id\":\"https:\\\/\\\/amyjaneofficial.com\\\/about-us\\\/#primaryimage\"},\"image\":{\"@id\":\"https:\\\/\\\/amyjaneofficial.com\\\/about-us\\\/#primaryimage\"},\"thumbnailUrl\":\"http:\\\/\\\/amyjaneofficial.com\\\/wp-content\\\/uploads\\\/2024\\\/10\\\/c2-glry-3-opt.jpg\",\"datePublished\":\"2024-10-25T11:14:50+00:00\",\"dateModified\":\"2026-05-08T15:38:23+00:00\",\"breadcrumb\":{\"@id\":\"https:\\\/\\\/amyjaneofficial.com\\\/about-us\\\/#breadcrumb\"},\"inLanguage\":\"vi\",\"potentialAction\":[{\"@type\":\"ReadAction\",\"target\":[\"https:\\\/\\\/amyjaneofficial.com\\\/about-us\\\/\"]}]},{\"@type\":\"ImageObject\",\"inLanguage\":\"vi\",\"@id\":\"https:\\\/\\\/amyjaneofficial.com\\\/about-us\\\/#primaryimage\",\"url\":\"http:\\\/\\\/amyjaneofficial.com\\\/wp-content\\\/uploads\\\/2024\\\/10\\\/c2-glry-3-opt.jpg\",\"contentUrl\":\"http:\\\/\\\/amyjaneofficial.com\\\/wp-content\\\/uploads\\\/2024\\\/10\\\/c2-glry-3-opt.jpg\"},{\"@type\":\"BreadcrumbList\",\"@id\":\"https:\\\/\\\/amyjaneofficial.com\\\/about-us\\\/#breadcrumb\",\"itemListElement\":[{\"@type\":\"ListItem\",\"position\":1,\"name\":\"Home\",\"item\":\"https:\\\/\\\/amyjaneofficial.com\\\/\"},{\"@type\":\"ListItem\",\"position\":2,\"name\":\"About us\"}]},{\"@type\":\"WebSite\",\"@id\":\"https:\\\/\\\/amyjaneofficial.com\\\/#website\",\"url\":\"https:\\\/\\\/amyjaneofficial.com\\\/\",\"name\":\"AMYJANE\",\"description\":\"AMYJANE\",\"potentialAction\":[{\"@type\":\"SearchAction\",\"target\":{\"@type\":\"EntryPoint\",\"urlTemplate\":\"https:\\\/\\\/amyjaneofficial.com\\\/?s={search_term_string}\"},\"query-input\":{\"@type\":\"PropertyValueSpecification\",\"valueRequired\":true,\"valueName\":\"search_term_string\"}}],\"inLanguage\":\"vi\"}]}<\/script>\n<!-- \/ Yoast SEO Premium plugin. -->","yoast_head_json":{"title":"About us - AMYJANE","robots":{"index":"index","follow":"follow","max-snippet":"max-snippet:-1","max-image-preview":"max-image-preview:large","max-video-preview":"max-video-preview:-1"},"canonical":"https:\/\/amyjaneofficial.com\/vi\/about-us\/","og_locale":"vi_VN","og_type":"article","og_title":"About us","og_description":"Amy Jane Company Limited AMYJANE is more than a brand; it is a cross-border promise of love and sincerity. Derived","og_url":"https:\/\/amyjaneofficial.com\/vi\/about-us\/","og_site_name":"AMYJANE","article_modified_time":"2026-05-08T15:38:23+00:00","og_image":[{"url":"http:\/\/amyjaneofficial.com\/wp-content\/uploads\/2024\/10\/c2-glry-3-opt.jpg","type":"","width":"","height":""}],"twitter_card":"summary_large_image","twitter_misc":{"\u01af\u1edbc t\u00ednh th\u1eddi gian \u0111\u1ecdc":"3 ph\u00fat"},"schema":{"@context":"https:\/\/schema.org","@graph":[{"@type":"WebPage","@id":"https:\/\/amyjaneofficial.com\/about-us\/","url":"https:\/\/amyjaneofficial.com\/about-us\/","name":"About us - AMYJANE","isPartOf":{"@id":"https:\/\/amyjaneofficial.com\/#website"},"primaryImageOfPage":{"@id":"https:\/\/amyjaneofficial.com\/about-us\/#primaryimage"},"image":{"@id":"https:\/\/amyjaneofficial.com\/about-us\/#primaryimage"},"thumbnailUrl":"http:\/\/amyjaneofficial.com\/wp-content\/uploads\/2024\/10\/c2-glry-3-opt.jpg","datePublished":"2024-10-25T11:14:50+00:00","dateModified":"2026-05-08T15:38:23+00:00","breadcrumb":{"@id":"https:\/\/amyjaneofficial.com\/about-us\/#breadcrumb"},"inLanguage":"vi","potentialAction":[{"@type":"ReadAction","target":["https:\/\/amyjaneofficial.com\/about-us\/"]}]},{"@type":"ImageObject","inLanguage":"vi","@id":"https:\/\/amyjaneofficial.com\/about-us\/#primaryimage","url":"http:\/\/amyjaneofficial.com\/wp-content\/uploads\/2024\/10\/c2-glry-3-opt.jpg","contentUrl":"http:\/\/amyjaneofficial.com\/wp-content\/uploads\/2024\/10\/c2-glry-3-opt.jpg"},{"@type":"BreadcrumbList","@id":"https:\/\/amyjaneofficial.com\/about-us\/#breadcrumb","itemListElement":[{"@type":"ListItem","position":1,"name":"Home","item":"https:\/\/amyjaneofficial.com\/"},{"@type":"ListItem","position":2,"name":"About us"}]},{"@type":"WebSite","@id":"https:\/\/amyjaneofficial.com\/#website","url":"https:\/\/amyjaneofficial.com\/","name":"AMYJANE","description":"AMYJANE","potentialAction":[{"@type":"SearchAction","target":{"@type":"EntryPoint","urlTemplate":"https:\/\/amyjaneofficial.com\/?s={search_term_string}"},"query-input":{"@type":"PropertyValueSpecification","valueRequired":true,"valueName":"search_term_string"}}],"inLanguage":"vi"}]}},"_links":{"self":[{"href":"https:\/\/amyjaneofficial.com\/vi\/wp-json\/wp\/v2\/pages\/171","targetHints":{"allow":["GET"]}}],"collection":[{"href":"https:\/\/amyjaneofficial.com\/vi\/wp-json\/wp\/v2\/pages"}],"about":[{"href":"https:\/\/amyjaneofficial.com\/vi\/wp-json\/wp\/v2\/types\/page"}],"author":[{"embeddable":true,"href":"https:\/\/amyjaneofficial.com\/vi\/wp-json\/wp\/v2\/users\/1"}],"replies":[{"embeddable":true,"href":"https:\/\/amyjaneofficial.com\/vi\/wp-json\/wp\/v2\/comments?post=171"}],"version-history":[{"count":6,"href":"https:\/\/amyjaneofficial.com\/vi\/wp-json\/wp\/v2\/pages\/171\/revisions"}],"predecessor-version":[{"id":16418,"href":"https:\/\/amyjaneofficial.com\/vi\/wp-json\/wp\/v2\/pages\/171\/revisions\/16418"}],"wp:attachment":[{"href":"https:\/\/amyjaneofficial.com\/vi\/wp-json\/wp\/v2\/media?parent=171"}],"curies":[{"name":"wp","href":"https:\/\/api.w.org\/{rel}","templated":true}]}}