{"id":16365,"date":"2026-05-08T14:37:22","date_gmt":"2026-05-08T14:37:22","guid":{"rendered":"https:\/\/amyjaneofficial.com\/?post_type=product&#038;p=16365"},"modified":"2026-05-08T14:39:40","modified_gmt":"2026-05-08T14:39:40","slug":"my-jane-a8-barrier-moisturizing-cream","status":"publish","type":"product","link":"https:\/\/amyjaneofficial.com\/vi\/san-pham\/my-jane-a8-barrier-moisturizing-cream\/","title":{"rendered":"Kem d\u01b0\u1ee1ng \u1ea9m MY JANE A8 Barrier Moisturizing Cream"},"content":{"rendered":"<p>**\u0110\u1ed1i t\u01b0\u1ee3ng kh\u00e1ch h\u00e0ng ch\u00ednh:** Nh\u1eefng ng\u01b0\u1eddi c\u00f3 l\u00e0n da h\u1ed7n h\u1ee3p thi\u00ean d\u1ea7u (d\u1ea7u \u1edf b\u1ec1 m\u1eb7t, kh\u00f4 \u1edf b\u00ean trong) ho\u1eb7c m\u1ea5t c\u00e2n b\u1eb1ng d\u1ea7u-n\u01b0\u1edbc; nh\u1eefng ng\u01b0\u1eddi c\u00f3 l\u00e0n da h\u1ed7n h\u1ee3p thi\u00ean kh\u00f4 ho\u1eb7c da kh\u00f4 c\u1ea7n d\u01b0\u1ee1ng \u1ea9m l\u00e2u d\u00e0i; nh\u1eefng ng\u01b0\u1eddi c\u00f3 l\u00e0n da kh\u1ecfe m\u1ea1nh mu\u1ed1n duy tr\u00ec v\u00e0 \u1ed5n \u0111\u1ecbnh l\u00e0n da h\u00e0ng ng\u00e0y; nh\u1eefng ng\u01b0\u1eddi th\u00edch k\u1ebft c\u1ea5u nh\u1eb9 v\u00e0 kh\u00f4ng th\u00edch c\u1ea3m gi\u00e1c b\u1ebft d\u00ednh, n\u1eb7ng n\u1ec1 tr\u00ean da; v\u00e0 nh\u1eefng ng\u01b0\u1eddi \u0111ang t\u00ecm ki\u1ebfm kem l\u00f3t trang \u0111i\u1ec3m \u0111\u1ec3 t\u0103ng \u0111\u1ed9 b\u00e1m d\u00ednh c\u1ee7a kem n\u1ec1n.<br \/>\n\u25e6 **Nh\u1eefng v\u1ea5n \u0111\u1ec1 ng\u01b0\u1eddi d\u00f9ng g\u1eb7p ph\u1ea3i:** Da d\u1ec5 b\u1ecb k\u00edch \u1ee9ng do tia UV, b\u1ee5i b\u1ea9n v\u00e0 \u00f4 nhi\u1ec5m kh\u00f4ng kh\u00ed su\u1ed1t c\u1ea3 ng\u00e0y; da d\u1ea7u \u1edf b\u1ec1 m\u1eb7t nh\u01b0ng kh\u00f4 \u1edf b\u00ean trong v\u1edbi l\u1edbp m\u00e0ng b\u1ea3o v\u1ec7 m\u1ecfng manh, thi\u1ebfu \u0111\u1ed9 \u1ea9m c\u1ea7n thi\u1ebft su\u1ed1t c\u1ea3 ng\u00e0y; da d\u1ec5 b\u1ecb m\u1ea9n \u0111\u1ecf, kh\u00f4 v\u00e0 ng\u1ee9a trong th\u1eddi gian chuy\u1ec3n m\u00f9a; kem l\u00f3t trang \u0111i\u1ec3m g\u00e2y c\u1ea3m gi\u00e1c b\u1ebft d\u00ednh, v\u00f3n c\u1ee5c ho\u1eb7c khi\u1ebfn kem n\u1ec1n kh\u00f4ng b\u00e1m \u0111\u1ec1u.<br \/>\n\u25e6 **L\u1ee3i \u00edch ch\u00ednh:** C\u1ea5p \u1ea9m s\u00e2u v\u00e0 b\u1ed5 sung \u0111\u1ed9 \u1ea9m; t\u0103ng c\u01b0\u1eddng h\u00e0ng r\u00e0o b\u1ea3o v\u1ec7 da; l\u00e0m d\u1ecbu t\u00ecnh tr\u1ea1ng kh\u00f4 v\u00e0 nh\u1ea1y c\u1ea3m; b\u1ea3o v\u1ec7 da kh\u1ecfi c\u00e1c t\u00e1c nh\u00e2n g\u00e2y h\u1ea1i t\u1eeb m\u00f4i tr\u01b0\u1eddng b\u00ean ngo\u00e0i; \u1ed5n \u0111\u1ecbnh da h\u00e0ng ng\u00e0y; v\u00e0 c\u00f3 th\u1ec3 d\u00f9ng l\u00e0m l\u1edbp l\u00f3t trang \u0111i\u1ec3m.<br \/>\n\u25e6 **Th\u00e0nh ph\u1ea7n ch\u00ednh:** C\u00f4ng th\u1ee9c ph\u1ee5c h\u1ed3i v\u00e0 d\u01b0\u1ee1ng \u1ea9m g\u1ea5p 8 l\u1ea7n (bao g\u1ed3m EGT Ergothioneine + Chi\u1ebft xu\u1ea5t hoa c\u00fac xanh + Ceramide NP + Ectoin + Phytosterols + Squalane, v.v.).<br \/>\n\u25e6 **Nguy\u00ean l\u00fd k\u1ef9 thu\u1eadt:** Nhi\u1ec1u th\u00e0nh ph\u1ea7n ho\u1ea1t \u0111\u1ed9ng hi\u1ec7p \u0111\u1ed3ng \u0111\u1ec3 t\u1ea1o th\u00e0nh m\u1ed9t v\u00f2ng kh\u00e9p k\u00edn \u201cC\u1ea5p \u1ea9m - Kh\u00f3a \u1ea9m - C\u1ee7ng c\u1ed1 h\u00e0ng r\u00e0o b\u1ea3o v\u1ec7 da\u201d; c\u00f4ng th\u1ee9c m\u00f4 ph\u1ecfng l\u1edbp m\u00e0ng b\u00e3 nh\u1eddn t\u1ef1 nhi\u00ean c\u1ee7a da, c\u00e2n b\u1eb1ng c\u1ea3m gi\u00e1c nh\u1eb9 nh\u00e0ng tr\u00ean da v\u1edbi hi\u1ec7u qu\u1ea3 \u1ed5n \u0111\u1ecbnh m\u1ea1nh m\u1ebd, v\u00e0 \u0111\u01b0\u1ee3c \u0111\u1eb7c ch\u1ebf ph\u00f9 h\u1ee3p v\u1edbi kh\u00ed h\u1eadu n\u00f3ng \u1ea9m c\u1ee7a \u0110\u00f4ng Nam \u00c1.<br \/>\n\u25e6 **\u01afu \u0111i\u1ec3m s\u1ea3n ph\u1ea9m:** S\u1ea3n ph\u1ea9m s\u1edf h\u1eefu c\u1ea5u tr\u00fac d\u01b0\u1ee1ng \u1ea9m 8 l\u1edbp gi\u00fap \u1ed5n \u0111\u1ecbnh da t\u1ed1i \u0111a m\u1ed7i ng\u00e0y; s\u1eed d\u1ee5ng h\u1ed7n h\u1ee3p t\u00e1c \u0111\u1ed9ng k\u00e9p c\u1ee7a hoa c\u00fac xanh v\u00e0 Ectoin \u0111\u1ec3 l\u00e0m d\u1ecbu da nh\u1ea1y c\u1ea3m v\u00e0 gi\u1ea3m k\u00edch \u1ee9ng, ph\u00f9 h\u1ee3p v\u1edbi c\u1ea3 l\u00e0n da nh\u1ea1y c\u1ea3m nh\u1eb9; c\u00f3 k\u1ebft c\u1ea5u t\u01b0\u01a1i m\u00e1t, kh\u00f4ng b\u1ebft d\u00ednh, tho\u00e1ng kh\u00ed v\u00e0 kh\u00f4ng v\u00f3n c\u1ee5c, th\u00e2n thi\u1ec7n v\u1edbi l\u1edbp trang \u0111i\u1ec3m; v\u00e0 ho\u00e0n to\u00e0n ph\u00f9 h\u1ee3p v\u1edbi kh\u00ed h\u1eadu n\u00f3ng \u1ea9m \u0110\u00f4ng Nam \u00c1, gi\u1eef \u1ea9m cho da m\u00e0 kh\u00f4ng g\u00e2y nh\u1eddn r\u00edt su\u1ed1t c\u1ea3 ng\u00e0y.<br \/>\n\u25e6 **C\u00e1c tr\u01b0\u1eddng h\u1ee3p s\u1eed d\u1ee5ng l\u00fd t\u01b0\u1edfng:** D\u01b0\u1ee1ng \u1ea9m v\u00e0 \u1ed5n \u0111\u1ecbnh da h\u00e0ng ng\u00e0y \u0111\u1ec3 b\u1ea3o v\u1ec7 da kh\u1ecfi tia UV v\u00e0 c\u00e1c t\u00e1c nh\u00e2n g\u00e2y h\u1ea1i t\u1eeb m\u00f4i tr\u01b0\u1eddng; s\u1eed d\u1ee5ng nh\u01b0 kem l\u00f3t trang \u0111i\u1ec3m \u0111\u1ec3 \u0111\u1ea3m b\u1ea3o l\u1edbp n\u1ec1n b\u00e1m m\u1ecbn m\u00e0ng m\u00e0 kh\u00f4ng b\u1ecb v\u00f3n c\u1ee5c; v\u00e0 c\u1ea5p \u1ea9m t\u1ee9c th\u00ec, l\u00e0m d\u1ecbu da sau khi ti\u1ebfp x\u00fac nh\u1eb9 v\u1edbi \u00e1nh n\u1eafng m\u1eb7t tr\u1eddi.<\/p>\n<p><img loading=\"lazy\" decoding=\"async\" class=\"aligncenter size-full wp-image-16367\" src=\"http:\/\/amyjaneofficial.com\/wp-content\/uploads\/2026\/05\/6-2.webp\" alt=\"\" width=\"1000\" height=\"1000\" srcset=\"https:\/\/amyjaneofficial.com\/wp-content\/uploads\/2026\/05\/6-2.webp 1000w, https:\/\/amyjaneofficial.com\/wp-content\/uploads\/2026\/05\/6-2-300x300.webp 300w, https:\/\/amyjaneofficial.com\/wp-content\/uploads\/2026\/05\/6-2-150x150.webp 150w, https:\/\/amyjaneofficial.com\/wp-content\/uploads\/2026\/05\/6-2-768x768.webp 768w, https:\/\/amyjaneofficial.com\/wp-content\/uploads\/2026\/05\/6-2-12x12.webp 12w, https:\/\/amyjaneofficial.com\/wp-content\/uploads\/2026\/05\/6-2-600x600.webp 600w\" sizes=\"auto, (max-width: 1000px) 100vw, 1000px\" \/><\/p>","protected":false},"excerpt":{"rendered":"<p>**Core Audience:** Individuals with combination-oily skin (oily on the surface, dry underneath) or an oil-water imbalance; those with combination-dry or<\/p>","protected":false},"featured_media":16367,"comment_status":"open","ping_status":"closed","template":"","meta":[],"product_brand":[],"product_cat":[24],"product_tag":[],"class_list":{"0":"post-16365","1":"product","2":"type-product","3":"status-publish","4":"has-post-thumbnail","6":"product_cat-cream","8":"first","9":"instock","10":"shipping-taxable","11":"purchasable","12":"product-type-simple"},"yoast_head":"<!-- This site is optimized with the Yoast SEO Premium plugin v25.8 (Yoast SEO v27.5) - https:\/\/yoast.com\/product\/yoast-seo-premium-wordpress\/ -->\n<title>MY JANE A8 Barrier Moisturizing Cream - AMYJANE<\/title>\n<meta name=\"robots\" content=\"index, follow, max-snippet:-1, max-image-preview:large, max-video-preview:-1\" \/>\n<link rel=\"canonical\" href=\"https:\/\/amyjaneofficial.com\/vi\/san-pham\/my-jane-a8-barrier-moisturizing-cream\/\" \/>\n<meta property=\"og:locale\" content=\"vi_VN\" \/>\n<meta property=\"og:type\" content=\"article\" \/>\n<meta property=\"og:title\" content=\"MY JANE A8 Barrier Moisturizing Cream\" \/>\n<meta property=\"og:description\" content=\"**Core Audience:** Individuals with combination-oily skin (oily on the surface, dry underneath) or an oil-water imbalance; those with combination-dry or\" \/>\n<meta property=\"og:url\" content=\"https:\/\/amyjaneofficial.com\/vi\/san-pham\/my-jane-a8-barrier-moisturizing-cream\/\" \/>\n<meta property=\"og:site_name\" content=\"AMYJANE\" \/>\n<meta property=\"article:modified_time\" content=\"2026-05-08T14:39:40+00:00\" \/>\n<meta property=\"og:image\" content=\"http:\/\/amyjaneofficial.com\/wp-content\/uploads\/2026\/05\/6-2.webp\" \/>\n\t<meta property=\"og:image:width\" content=\"1000\" \/>\n\t<meta property=\"og:image:height\" content=\"1000\" \/>\n\t<meta property=\"og:image:type\" content=\"image\/webp\" \/>\n<meta name=\"twitter:card\" content=\"summary_large_image\" \/>\n<meta name=\"twitter:label1\" content=\"\u01af\u1edbc t\u00ednh th\u1eddi gian \u0111\u1ecdc\" \/>\n\t<meta name=\"twitter:data1\" content=\"2 ph\u00fat\" \/>\n<script type=\"application\/ld+json\" class=\"yoast-schema-graph\">{\"@context\":\"https:\\\/\\\/schema.org\",\"@graph\":[{\"@type\":\"WebPage\",\"@id\":\"https:\\\/\\\/amyjaneofficial.com\\\/product\\\/my-jane-a8-barrier-moisturizing-cream\\\/\",\"url\":\"https:\\\/\\\/amyjaneofficial.com\\\/product\\\/my-jane-a8-barrier-moisturizing-cream\\\/\",\"name\":\"MY JANE A8 Barrier Moisturizing Cream - AMYJANE\",\"isPartOf\":{\"@id\":\"https:\\\/\\\/amyjaneofficial.com\\\/#website\"},\"primaryImageOfPage\":{\"@id\":\"https:\\\/\\\/amyjaneofficial.com\\\/product\\\/my-jane-a8-barrier-moisturizing-cream\\\/#primaryimage\"},\"image\":{\"@id\":\"https:\\\/\\\/amyjaneofficial.com\\\/product\\\/my-jane-a8-barrier-moisturizing-cream\\\/#primaryimage\"},\"thumbnailUrl\":\"https:\\\/\\\/amyjaneofficial.com\\\/wp-content\\\/uploads\\\/2026\\\/05\\\/6-2.webp\",\"datePublished\":\"2026-05-08T14:37:22+00:00\",\"dateModified\":\"2026-05-08T14:39:40+00:00\",\"breadcrumb\":{\"@id\":\"https:\\\/\\\/amyjaneofficial.com\\\/product\\\/my-jane-a8-barrier-moisturizing-cream\\\/#breadcrumb\"},\"inLanguage\":\"vi\",\"potentialAction\":[{\"@type\":\"ReadAction\",\"target\":[\"https:\\\/\\\/amyjaneofficial.com\\\/product\\\/my-jane-a8-barrier-moisturizing-cream\\\/\"]}]},{\"@type\":\"ImageObject\",\"inLanguage\":\"vi\",\"@id\":\"https:\\\/\\\/amyjaneofficial.com\\\/product\\\/my-jane-a8-barrier-moisturizing-cream\\\/#primaryimage\",\"url\":\"https:\\\/\\\/amyjaneofficial.com\\\/wp-content\\\/uploads\\\/2026\\\/05\\\/6-2.webp\",\"contentUrl\":\"https:\\\/\\\/amyjaneofficial.com\\\/wp-content\\\/uploads\\\/2026\\\/05\\\/6-2.webp\",\"width\":1000,\"height\":1000},{\"@type\":\"BreadcrumbList\",\"@id\":\"https:\\\/\\\/amyjaneofficial.com\\\/product\\\/my-jane-a8-barrier-moisturizing-cream\\\/#breadcrumb\",\"itemListElement\":[{\"@type\":\"ListItem\",\"position\":1,\"name\":\"Home\",\"item\":\"https:\\\/\\\/amyjaneofficial.com\\\/\"},{\"@type\":\"ListItem\",\"position\":2,\"name\":\"Shop\",\"item\":\"https:\\\/\\\/amyjaneofficial.com\\\/shop\\\/\"},{\"@type\":\"ListItem\",\"position\":3,\"name\":\"MY JANE A8 Barrier Moisturizing Cream\"}]},{\"@type\":\"WebSite\",\"@id\":\"https:\\\/\\\/amyjaneofficial.com\\\/#website\",\"url\":\"https:\\\/\\\/amyjaneofficial.com\\\/\",\"name\":\"AMYJANE\",\"description\":\"AMYJANE\",\"potentialAction\":[{\"@type\":\"SearchAction\",\"target\":{\"@type\":\"EntryPoint\",\"urlTemplate\":\"https:\\\/\\\/amyjaneofficial.com\\\/?s={search_term_string}\"},\"query-input\":{\"@type\":\"PropertyValueSpecification\",\"valueRequired\":true,\"valueName\":\"search_term_string\"}}],\"inLanguage\":\"vi\"}]}<\/script>\n<!-- \/ Yoast SEO Premium plugin. -->","yoast_head_json":{"title":"MY JANE A8 Barrier Moisturizing Cream - AMYJANE","robots":{"index":"index","follow":"follow","max-snippet":"max-snippet:-1","max-image-preview":"max-image-preview:large","max-video-preview":"max-video-preview:-1"},"canonical":"https:\/\/amyjaneofficial.com\/vi\/san-pham\/my-jane-a8-barrier-moisturizing-cream\/","og_locale":"vi_VN","og_type":"article","og_title":"MY JANE A8 Barrier Moisturizing Cream","og_description":"**Core Audience:** Individuals with combination-oily skin (oily on the surface, dry underneath) or an oil-water imbalance; those with combination-dry or","og_url":"https:\/\/amyjaneofficial.com\/vi\/san-pham\/my-jane-a8-barrier-moisturizing-cream\/","og_site_name":"AMYJANE","article_modified_time":"2026-05-08T14:39:40+00:00","og_image":[{"width":1000,"height":1000,"url":"http:\/\/amyjaneofficial.com\/wp-content\/uploads\/2026\/05\/6-2.webp","type":"image\/webp"}],"twitter_card":"summary_large_image","twitter_misc":{"\u01af\u1edbc t\u00ednh th\u1eddi gian \u0111\u1ecdc":"2 ph\u00fat"},"schema":{"@context":"https:\/\/schema.org","@graph":[{"@type":"WebPage","@id":"https:\/\/amyjaneofficial.com\/product\/my-jane-a8-barrier-moisturizing-cream\/","url":"https:\/\/amyjaneofficial.com\/product\/my-jane-a8-barrier-moisturizing-cream\/","name":"MY JANE A8 Barrier Moisturizing Cream - AMYJANE","isPartOf":{"@id":"https:\/\/amyjaneofficial.com\/#website"},"primaryImageOfPage":{"@id":"https:\/\/amyjaneofficial.com\/product\/my-jane-a8-barrier-moisturizing-cream\/#primaryimage"},"image":{"@id":"https:\/\/amyjaneofficial.com\/product\/my-jane-a8-barrier-moisturizing-cream\/#primaryimage"},"thumbnailUrl":"https:\/\/amyjaneofficial.com\/wp-content\/uploads\/2026\/05\/6-2.webp","datePublished":"2026-05-08T14:37:22+00:00","dateModified":"2026-05-08T14:39:40+00:00","breadcrumb":{"@id":"https:\/\/amyjaneofficial.com\/product\/my-jane-a8-barrier-moisturizing-cream\/#breadcrumb"},"inLanguage":"vi","potentialAction":[{"@type":"ReadAction","target":["https:\/\/amyjaneofficial.com\/product\/my-jane-a8-barrier-moisturizing-cream\/"]}]},{"@type":"ImageObject","inLanguage":"vi","@id":"https:\/\/amyjaneofficial.com\/product\/my-jane-a8-barrier-moisturizing-cream\/#primaryimage","url":"https:\/\/amyjaneofficial.com\/wp-content\/uploads\/2026\/05\/6-2.webp","contentUrl":"https:\/\/amyjaneofficial.com\/wp-content\/uploads\/2026\/05\/6-2.webp","width":1000,"height":1000},{"@type":"BreadcrumbList","@id":"https:\/\/amyjaneofficial.com\/product\/my-jane-a8-barrier-moisturizing-cream\/#breadcrumb","itemListElement":[{"@type":"ListItem","position":1,"name":"Home","item":"https:\/\/amyjaneofficial.com\/"},{"@type":"ListItem","position":2,"name":"Shop","item":"https:\/\/amyjaneofficial.com\/shop\/"},{"@type":"ListItem","position":3,"name":"MY JANE A8 Barrier Moisturizing Cream"}]},{"@type":"WebSite","@id":"https:\/\/amyjaneofficial.com\/#website","url":"https:\/\/amyjaneofficial.com\/","name":"AMYJANE","description":"AMYJANE","potentialAction":[{"@type":"SearchAction","target":{"@type":"EntryPoint","urlTemplate":"https:\/\/amyjaneofficial.com\/?s={search_term_string}"},"query-input":{"@type":"PropertyValueSpecification","valueRequired":true,"valueName":"search_term_string"}}],"inLanguage":"vi"}]}},"_links":{"self":[{"href":"https:\/\/amyjaneofficial.com\/vi\/wp-json\/wp\/v2\/product\/16365","targetHints":{"allow":["GET"]}}],"collection":[{"href":"https:\/\/amyjaneofficial.com\/vi\/wp-json\/wp\/v2\/product"}],"about":[{"href":"https:\/\/amyjaneofficial.com\/vi\/wp-json\/wp\/v2\/types\/product"}],"replies":[{"embeddable":true,"href":"https:\/\/amyjaneofficial.com\/vi\/wp-json\/wp\/v2\/comments?post=16365"}],"version-history":[{"count":2,"href":"https:\/\/amyjaneofficial.com\/vi\/wp-json\/wp\/v2\/product\/16365\/revisions"}],"predecessor-version":[{"id":16369,"href":"https:\/\/amyjaneofficial.com\/vi\/wp-json\/wp\/v2\/product\/16365\/revisions\/16369"}],"wp:featuredmedia":[{"embeddable":true,"href":"https:\/\/amyjaneofficial.com\/vi\/wp-json\/wp\/v2\/media\/16367"}],"wp:attachment":[{"href":"https:\/\/amyjaneofficial.com\/vi\/wp-json\/wp\/v2\/media?parent=16365"}],"wp:term":[{"taxonomy":"product_brand","embeddable":true,"href":"https:\/\/amyjaneofficial.com\/vi\/wp-json\/wp\/v2\/product_brand?post=16365"},{"taxonomy":"product_cat","embeddable":true,"href":"https:\/\/amyjaneofficial.com\/vi\/wp-json\/wp\/v2\/product_cat?post=16365"},{"taxonomy":"product_tag","embeddable":true,"href":"https:\/\/amyjaneofficial.com\/vi\/wp-json\/wp\/v2\/product_tag?post=16365"}],"curies":[{"name":"wp","href":"https:\/\/api.w.org\/{rel}","templated":true}]}}